{"id":2616,"date":"2026-02-10T21:10:11","date_gmt":"2026-02-10T21:10:11","guid":{"rendered":"https:\/\/lavenir-delhabitat.fr\/?page_id=2616"},"modified":"2026-03-18T23:07:54","modified_gmt":"2026-03-18T23:07:54","slug":"devis-couvreur-dampmart","status":"publish","type":"page","link":"https:\/\/lavenir-delhabitat.fr\/","title":{"rendered":"Accueil"},"content":{"rendered":"\n\n\n\n\n\n\n\n\n\n\n\n\n\n\n\n\n\n","protected":false},"excerpt":{"rendered":"","protected":false},"author":1,"featured_media":2816,"parent":0,"menu_order":0,"comment_status":"closed","ping_status":"closed","template":"","meta":{"saved_in_kubio":true,"footnotes":""},"class_list":["post-2616","page","type-page","status-publish","has-post-thumbnail","hentry"],"kubio_ai_page_context":{"short_desc":"","purpose":"general"},"yoast_head":"<!-- This site is optimized with the Yoast SEO plugin v27.1.1 - https:\/\/yoast.com\/product\/yoast-seo-wordpress\/ -->\n<title>Couvreur \u00e0 Dampmart Devis gratuit !<\/title>\n<meta name=\"description\" content=\"Couvreur \u00e0 Dampmart devis gratuit !L&#039;Avenir de l&#039;habitat, expert dans la couverture, zinguerie, \u00e9tanch\u00e9it\u00e9 \u00e0 votre service dans le 77\" \/>\n<meta name=\"robots\" content=\"index, follow, max-snippet:-1, max-image-preview:large, max-video-preview:-1\" \/>\n<link rel=\"canonical\" href=\"https:\/\/lavenir-delhabitat.fr\/\" \/>\n<meta property=\"og:locale\" content=\"fr_FR\" \/>\n<meta property=\"og:type\" content=\"article\" \/>\n<meta property=\"og:title\" content=\"Couvreur \u00e0 Dampmart Devis gratuit !\" \/>\n<meta property=\"og:description\" content=\"Couvreur \u00e0 Dampmart devis gratuit !L&#039;Avenir de l&#039;habitat, expert dans la couverture, zinguerie, \u00e9tanch\u00e9it\u00e9 \u00e0 votre service dans le 77\" \/>\n<meta property=\"og:url\" content=\"https:\/\/lavenir-delhabitat.fr\/\" \/>\n<meta property=\"og:site_name\" content=\"L&#039;Avenir de L&#039;Habitat\" \/>\n<meta property=\"article:modified_time\" content=\"2026-03-18T23:07:54+00:00\" \/>\n<meta property=\"og:image\" content=\"https:\/\/lavenir-delhabitat.fr\/wp-content\/uploads\/2026\/03\/Capture-decran-2026-02-24-215009.png\" \/>\n\t<meta property=\"og:image:width\" content=\"983\" \/>\n\t<meta property=\"og:image:height\" content=\"642\" \/>\n\t<meta property=\"og:image:type\" content=\"image\/png\" \/>\n<meta name=\"twitter:card\" content=\"summary_large_image\" \/>\n<meta name=\"twitter:label1\" content=\"Dur\u00e9e de lecture estim\u00e9e\" \/>\n\t<meta name=\"twitter:data1\" content=\"1 minute\" \/>\n<script type=\"application\/ld+json\" class=\"yoast-schema-graph\">{\"@context\":\"https:\/\/schema.org\",\"@graph\":[{\"@type\":\"WebPage\",\"@id\":\"https:\/\/lavenir-delhabitat.fr\/\",\"url\":\"https:\/\/lavenir-delhabitat.fr\/\",\"name\":\"Couvreur \u00e0 Dampmart Devis gratuit !\",\"isPartOf\":{\"@id\":\"https:\/\/lavenir-delhabitat.fr\/#website\"},\"primaryImageOfPage\":{\"@id\":\"https:\/\/lavenir-delhabitat.fr\/#primaryimage\"},\"image\":{\"@id\":\"https:\/\/lavenir-delhabitat.fr\/#primaryimage\"},\"thumbnailUrl\":\"https:\/\/lavenir-delhabitat.fr\/wp-content\/uploads\/2026\/03\/Capture-decran-2026-02-24-215009.png\",\"datePublished\":\"2026-02-10T21:10:11+00:00\",\"dateModified\":\"2026-03-18T23:07:54+00:00\",\"description\":\"Couvreur \u00e0 Dampmart devis gratuit !L'Avenir de l'habitat, expert dans la couverture, zinguerie, \u00e9tanch\u00e9it\u00e9 \u00e0 votre service dans le 77\",\"breadcrumb\":{\"@id\":\"https:\/\/lavenir-delhabitat.fr\/#breadcrumb\"},\"inLanguage\":\"fr-FR\",\"potentialAction\":[{\"@type\":\"ReadAction\",\"target\":[\"https:\/\/lavenir-delhabitat.fr\/\"]}]},{\"@type\":\"ImageObject\",\"inLanguage\":\"fr-FR\",\"@id\":\"https:\/\/lavenir-delhabitat.fr\/#primaryimage\",\"url\":\"https:\/\/lavenir-delhabitat.fr\/wp-content\/uploads\/2026\/03\/Capture-decran-2026-02-24-215009.png\",\"contentUrl\":\"https:\/\/lavenir-delhabitat.fr\/wp-content\/uploads\/2026\/03\/Capture-decran-2026-02-24-215009.png\",\"width\":983,\"height\":642,\"caption\":\"couvreur \u00e0 dampmart devis\"},{\"@type\":\"BreadcrumbList\",\"@id\":\"https:\/\/lavenir-delhabitat.fr\/#breadcrumb\",\"itemListElement\":[{\"@type\":\"ListItem\",\"position\":1,\"name\":\"Accueil\",\"item\":\"https:\/\/lavenir-delhabitat.fr\/\"},{\"@type\":\"ListItem\",\"position\":2,\"name\":\"Accueil\"}]},{\"@type\":\"WebSite\",\"@id\":\"https:\/\/lavenir-delhabitat.fr\/#website\",\"url\":\"https:\/\/lavenir-delhabitat.fr\/\",\"name\":\"L'Avenir de L'Habitat\",\"description\":\"\",\"publisher\":{\"@id\":\"https:\/\/lavenir-delhabitat.fr\/#organization\"},\"potentialAction\":[{\"@type\":\"SearchAction\",\"target\":{\"@type\":\"EntryPoint\",\"urlTemplate\":\"https:\/\/lavenir-delhabitat.fr\/?s={search_term_string}\"},\"query-input\":{\"@type\":\"PropertyValueSpecification\",\"valueRequired\":true,\"valueName\":\"search_term_string\"}}],\"inLanguage\":\"fr-FR\"},{\"@type\":\"Organization\",\"@id\":\"https:\/\/lavenir-delhabitat.fr\/#organization\",\"name\":\"L'Avenir de L'Habitat\",\"url\":\"https:\/\/lavenir-delhabitat.fr\/\",\"logo\":{\"@type\":\"ImageObject\",\"inLanguage\":\"fr-FR\",\"@id\":\"https:\/\/lavenir-delhabitat.fr\/#\/schema\/logo\/image\/\",\"url\":\"https:\/\/lavenir-delhabitat.fr\/wp-content\/uploads\/2026\/02\/cropped-WhatsApp-Image-2026-02-05-at-22.08.52.jpeg\",\"contentUrl\":\"https:\/\/lavenir-delhabitat.fr\/wp-content\/uploads\/2026\/02\/cropped-WhatsApp-Image-2026-02-05-at-22.08.52.jpeg\",\"width\":512,\"height\":512,\"caption\":\"L'Avenir de L'Habitat\"},\"image\":{\"@id\":\"https:\/\/lavenir-delhabitat.fr\/#\/schema\/logo\/image\/\"}}]}<\/script>\n<!-- \/ Yoast SEO plugin. -->","yoast_head_json":{"title":"Couvreur \u00e0 Dampmart Devis gratuit !","description":"Couvreur \u00e0 Dampmart devis gratuit !L'Avenir de l'habitat, expert dans la couverture, zinguerie, \u00e9tanch\u00e9it\u00e9 \u00e0 votre service dans le 77","robots":{"index":"index","follow":"follow","max-snippet":"max-snippet:-1","max-image-preview":"max-image-preview:large","max-video-preview":"max-video-preview:-1"},"canonical":"https:\/\/lavenir-delhabitat.fr\/","og_locale":"fr_FR","og_type":"article","og_title":"Couvreur \u00e0 Dampmart Devis gratuit !","og_description":"Couvreur \u00e0 Dampmart devis gratuit !L'Avenir de l'habitat, expert dans la couverture, zinguerie, \u00e9tanch\u00e9it\u00e9 \u00e0 votre service dans le 77","og_url":"https:\/\/lavenir-delhabitat.fr\/","og_site_name":"L&#039;Avenir de L&#039;Habitat","article_modified_time":"2026-03-18T23:07:54+00:00","og_image":[{"width":983,"height":642,"url":"https:\/\/lavenir-delhabitat.fr\/wp-content\/uploads\/2026\/03\/Capture-decran-2026-02-24-215009.png","type":"image\/png"}],"twitter_card":"summary_large_image","twitter_misc":{"Dur\u00e9e de lecture estim\u00e9e":"1 minute"},"schema":{"@context":"https:\/\/schema.org","@graph":[{"@type":"WebPage","@id":"https:\/\/lavenir-delhabitat.fr\/","url":"https:\/\/lavenir-delhabitat.fr\/","name":"Couvreur \u00e0 Dampmart Devis gratuit !","isPartOf":{"@id":"https:\/\/lavenir-delhabitat.fr\/#website"},"primaryImageOfPage":{"@id":"https:\/\/lavenir-delhabitat.fr\/#primaryimage"},"image":{"@id":"https:\/\/lavenir-delhabitat.fr\/#primaryimage"},"thumbnailUrl":"https:\/\/lavenir-delhabitat.fr\/wp-content\/uploads\/2026\/03\/Capture-decran-2026-02-24-215009.png","datePublished":"2026-02-10T21:10:11+00:00","dateModified":"2026-03-18T23:07:54+00:00","description":"Couvreur \u00e0 Dampmart devis gratuit !L'Avenir de l'habitat, expert dans la couverture, zinguerie, \u00e9tanch\u00e9it\u00e9 \u00e0 votre service dans le 77","breadcrumb":{"@id":"https:\/\/lavenir-delhabitat.fr\/#breadcrumb"},"inLanguage":"fr-FR","potentialAction":[{"@type":"ReadAction","target":["https:\/\/lavenir-delhabitat.fr\/"]}]},{"@type":"ImageObject","inLanguage":"fr-FR","@id":"https:\/\/lavenir-delhabitat.fr\/#primaryimage","url":"https:\/\/lavenir-delhabitat.fr\/wp-content\/uploads\/2026\/03\/Capture-decran-2026-02-24-215009.png","contentUrl":"https:\/\/lavenir-delhabitat.fr\/wp-content\/uploads\/2026\/03\/Capture-decran-2026-02-24-215009.png","width":983,"height":642,"caption":"couvreur \u00e0 dampmart devis"},{"@type":"BreadcrumbList","@id":"https:\/\/lavenir-delhabitat.fr\/#breadcrumb","itemListElement":[{"@type":"ListItem","position":1,"name":"Accueil","item":"https:\/\/lavenir-delhabitat.fr\/"},{"@type":"ListItem","position":2,"name":"Accueil"}]},{"@type":"WebSite","@id":"https:\/\/lavenir-delhabitat.fr\/#website","url":"https:\/\/lavenir-delhabitat.fr\/","name":"L'Avenir de L'Habitat","description":"","publisher":{"@id":"https:\/\/lavenir-delhabitat.fr\/#organization"},"potentialAction":[{"@type":"SearchAction","target":{"@type":"EntryPoint","urlTemplate":"https:\/\/lavenir-delhabitat.fr\/?s={search_term_string}"},"query-input":{"@type":"PropertyValueSpecification","valueRequired":true,"valueName":"search_term_string"}}],"inLanguage":"fr-FR"},{"@type":"Organization","@id":"https:\/\/lavenir-delhabitat.fr\/#organization","name":"L'Avenir de L'Habitat","url":"https:\/\/lavenir-delhabitat.fr\/","logo":{"@type":"ImageObject","inLanguage":"fr-FR","@id":"https:\/\/lavenir-delhabitat.fr\/#\/schema\/logo\/image\/","url":"https:\/\/lavenir-delhabitat.fr\/wp-content\/uploads\/2026\/02\/cropped-WhatsApp-Image-2026-02-05-at-22.08.52.jpeg","contentUrl":"https:\/\/lavenir-delhabitat.fr\/wp-content\/uploads\/2026\/02\/cropped-WhatsApp-Image-2026-02-05-at-22.08.52.jpeg","width":512,"height":512,"caption":"L'Avenir de L'Habitat"},"image":{"@id":"https:\/\/lavenir-delhabitat.fr\/#\/schema\/logo\/image\/"}}]}},"_links":{"self":[{"href":"https:\/\/lavenir-delhabitat.fr\/index.php?rest_route=\/wp\/v2\/pages\/2616","targetHints":{"allow":["GET"]}}],"collection":[{"href":"https:\/\/lavenir-delhabitat.fr\/index.php?rest_route=\/wp\/v2\/pages"}],"about":[{"href":"https:\/\/lavenir-delhabitat.fr\/index.php?rest_route=\/wp\/v2\/types\/page"}],"author":[{"embeddable":true,"href":"https:\/\/lavenir-delhabitat.fr\/index.php?rest_route=\/wp\/v2\/users\/1"}],"replies":[{"embeddable":true,"href":"https:\/\/lavenir-delhabitat.fr\/index.php?rest_route=%2Fwp%2Fv2%2Fcomments&post=2616"}],"version-history":[{"count":164,"href":"https:\/\/lavenir-delhabitat.fr\/index.php?rest_route=\/wp\/v2\/pages\/2616\/revisions"}],"predecessor-version":[{"id":2921,"href":"https:\/\/lavenir-delhabitat.fr\/index.php?rest_route=\/wp\/v2\/pages\/2616\/revisions\/2921"}],"wp:featuredmedia":[{"embeddable":true,"href":"https:\/\/lavenir-delhabitat.fr\/index.php?rest_route=\/wp\/v2\/media\/2816"}],"wp:attachment":[{"href":"https:\/\/lavenir-delhabitat.fr\/index.php?rest_route=%2Fwp%2Fv2%2Fmedia&parent=2616"}],"curies":[{"name":"wp","href":"https:\/\/api.w.org\/{rel}","templated":true}]}}